{"id":12015,"date":"2024-11-13T18:56:31","date_gmt":"2024-11-13T18:56:31","guid":{"rendered":"https:\/\/fmetropoli.org\/laboratorio-de-ciudades\/"},"modified":"2025-02-14T08:50:29","modified_gmt":"2025-02-14T08:50:29","slug":"laboratorio-de-ciudades","status":"publish","type":"page","link":"https:\/\/fmetropoli.org\/es\/laboratorio-de-ciudades\/","title":{"rendered":"Cities Lab"},"content":{"rendered":"\t\t<div data-elementor-type=\"wp-page\" data-elementor-id=\"12015\" class=\"elementor elementor-12015 elementor-9103\">\n\t\t\t\t\t\t<section class=\"elementor-section elementor-top-section elementor-element elementor-element-72c24f29 elementor-section-full_width elementor-section-height-default elementor-section-height-default\" data-id=\"72c24f29\" data-element_type=\"section\" data-e-type=\"section\" data-settings=\"{&quot;background_background&quot;:&quot;classic&quot;}\">\n\t\t\t\t\t\t<div class=\"elementor-container elementor-column-gap-no\">\n\t\t\t\t\t<div class=\"elementor-column elementor-col-100 elementor-top-column elementor-element elementor-element-67a595e3\" data-id=\"67a595e3\" data-element_type=\"column\" data-e-type=\"column\">\n\t\t\t<div class=\"elementor-widget-wrap elementor-element-populated\">\n\t\t\t\t\t\t<section class=\"elementor-section elementor-inner-section elementor-element elementor-element-63cb259b elementor-section-boxed elementor-section-height-default elementor-section-height-default\" data-id=\"63cb259b\" data-element_type=\"section\" data-e-type=\"section\">\n\t\t\t\t\t\t<div class=\"elementor-container elementor-column-gap-default\">\n\t\t\t\t\t<div class=\"elementor-column elementor-col-100 elementor-inner-column elementor-element elementor-element-4b6cadf\" data-id=\"4b6cadf\" data-element_type=\"column\" data-e-type=\"column\">\n\t\t\t<div class=\"elementor-widget-wrap elementor-element-populated\">\n\t\t\t\t\t\t<div class=\"elementor-element elementor-element-017bf29 elementor-widget__width-auto elementor-widget elementor-widget-hub_fancy_heading\" data-id=\"017bf29\" data-element_type=\"widget\" data-e-type=\"widget\" data-widget_type=\"hub_fancy_heading.default\">\n\t\t\t\t<div class=\"elementor-widget-container\">\n\t\t\t\t\t\n\t\t<div id=\"ld-fancy-heading-69d40c0e985d8\" class=\"ld-fancy-heading pos-rel\">\n\t\t\t<h2 class=\"ld-fh-element d-inline-block pos-rel  elementor-heading-title lqd-highlight-classic lqd-highlight-grow-left h2\"  > Proyectos<\/h2>\t\t<\/div>\n\n\t\t\t\t\t\t<\/div>\n\t\t\t\t<\/div>\n\t\t\t\t<section class=\"elementor-section elementor-inner-section elementor-element elementor-element-882e118 elementor-section-boxed elementor-section-height-default elementor-section-height-default\" data-id=\"882e118\" data-element_type=\"section\" data-e-type=\"section\">\n\t\t\t\t\t\t<div class=\"elementor-container elementor-column-gap-no\">\n\t\t\t\t\t<div class=\"elementor-column elementor-col-100 elementor-inner-column elementor-element elementor-element-06ad0d1\" data-id=\"06ad0d1\" data-element_type=\"column\" data-e-type=\"column\">\n\t\t\t<div class=\"elementor-widget-wrap\">\n\t\t\t\t\t\t\t<\/div>\n\t\t<\/div>\n\t\t\t\t\t<\/div>\n\t\t<\/section>\n\t\t\t\t\t<\/div>\n\t\t<\/div>\n\t\t\t\t\t<\/div>\n\t\t<\/section>\n\t\t\t\t\t<\/div>\n\t\t<\/div>\n\t\t\t\t\t<\/div>\n\t\t<\/section>\n\t\t\t\t<section class=\"elementor-section elementor-top-section elementor-element elementor-element-7c80a0c elementor-section-boxed elementor-section-height-default elementor-section-height-default\" data-id=\"7c80a0c\" data-element_type=\"section\" data-e-type=\"section\" data-settings=\"{&quot;background_background&quot;:&quot;classic&quot;}\">\n\t\t\t\t\t\t<div class=\"elementor-container elementor-column-gap-default\">\n\t\t\t\t\t<div class=\"elementor-column elementor-col-50 elementor-top-column elementor-element elementor-element-02d86a8\" data-id=\"02d86a8\" data-element_type=\"column\" data-e-type=\"column\">\n\t\t\t<div class=\"elementor-widget-wrap elementor-element-populated\">\n\t\t\t\t\t\t<div class=\"elementor-element elementor-element-c7278f7 elementor-widget elementor-widget-hub_fancy_heading\" data-id=\"c7278f7\" data-element_type=\"widget\" data-e-type=\"widget\" data-widget_type=\"hub_fancy_heading.default\">\n\t\t\t\t<div class=\"elementor-widget-container\">\n\t\t\t\t\t\n\t\t<div id=\"ld-fancy-heading-69d40c0e991fa\" class=\"ld-fancy-heading pos-rel\">\n\t\t\t<h2 class=\"ld-fh-element d-inline-block pos-rel  elementor-heading-title lqd-highlight-classic lqd-highlight-grow-left h2\"  > Diamantes\n<br><i>Territoriales<\/i><\/h2>\t\t<\/div>\n\n\t\t\t\t\t\t<\/div>\n\t\t\t\t<\/div>\n\t\t\t\t\t<\/div>\n\t\t<\/div>\n\t\t\t\t<div data-custom-animations=\"true\" data-ca-options=\"{&quot;addChildTimelines&quot;:false,&quot;animationTarget&quot;:&quot;:scope &gt; .elementor-widget-wrap &gt; .elementor-element &gt; .elementor-widget-container, :scope &gt; .elementor-widget-wrap &gt; .elementor-section &gt; .elementor-container &gt; .elementor-column &gt; .elementor-widget-wrap &gt; .elementor-element:not(.lqd-el-has-inner-anim) &gt; .elementor-widget-container, :scope &gt; .elementor-widget-wrap &gt; .elementor-widget-hub_fancy_heading .lqd-split-lines .lqd-lines .split-inner, :scope &gt; .elementor-widget-wrap &gt; .elementor-widget-hub_fancy_heading .lqd-split-words .lqd-words .split-inner, :scope &gt; .elementor-widget-wrap &gt; .elementor-widget-hub_fancy_heading .lqd-split-chars .lqd-chars .split-inner, :scope &gt; .elementor-widget-wrap &gt; .elementor-widget-ld_custom_menu .lqd-fancy-menu &gt; ul &gt; li&quot;,&quot;ease&quot;:[&quot;power4.out&quot;],&quot;initValues&quot;:{&quot;y&quot;:&quot;70px&quot;,&quot;rotationZ&quot;:4,&quot;opacity&quot;:0},&quot;animations&quot;:{&quot;y&quot;:&quot;0px&quot;,&quot;rotationZ&quot;:0,&quot;opacity&quot;:1}}\" class=\"elementor-column elementor-col-50 elementor-top-column elementor-element elementor-element-3ce1ec6\" data-id=\"3ce1ec6\" data-element_type=\"column\" data-e-type=\"column\">\n\t\t\t<div class=\"elementor-widget-wrap elementor-element-populated\">\n\t\t\t\t\t\t<div class=\"elementor-element elementor-element-5a188cd elementor-widget elementor-widget-text-editor\" data-id=\"5a188cd\" data-element_type=\"widget\" data-e-type=\"widget\" data-widget_type=\"text-editor.default\">\n\t\t\t\t<div class=\"elementor-widget-container\">\n\t\t\t\t\t\t\t\t\t<p><b>Dise\u00f1ando los territorios del futuro<\/b><\/p>\n<p>La escala regional se ha vuelto vital para mantener la competitividad en una econom\u00eda globalizada e impulsada por la innovaci\u00f3n. Hoy en d\u00eda, la competencia no se produce entre naciones sino entre ciudades y regiones, que pueden apoyar mejor a las empresas y mejorar la calidad de vida de sus residentes. Los avances clave, como la reducci\u00f3n de las barreras comerciales, el acceso r\u00e1pido a la informaci\u00f3n y la mejora del transporte y las comunicaciones, determinar\u00e1n en gran medida las ciudades del futuro. Metropoli, pionera en el desarrollo espacial a gran escala, colabora con ciudades y gobiernos regionales para crear \u00abEcosistemas Urbanos de Innovaci\u00f3n\u00bb y \u00abDiamantes Territoriales\u00bb. Estos \u00abDiamantes Territoriales\u00bb integran ciudades (\u00abPuntos\u00bb), redes de transporte (\u00abL\u00edneas\u00bb) y \u00e1reas desarrolladas o rurales (\u00abSuperficies\u00bb) en sistemas cohesivos. Esta estructura permite a las regiones aprovechar recursos compartidos y fomentar sinergias que benefician a cada parte individualmente a trav\u00e9s de una estrecha cooperaci\u00f3n.<\/p>\n\t\t\t\t\t\t\t\t<\/div>\n\t\t\t\t<\/div>\n\t\t\t\t\t<\/div>\n\t\t<\/div>\n\t\t\t\t\t<\/div>\n\t\t<\/section>\n\t\t\t\t<section class=\"elementor-section elementor-top-section elementor-element elementor-element-5557d45 elementor-section-full_width elementor-section-height-default elementor-section-height-default\" data-id=\"5557d45\" data-element_type=\"section\" data-e-type=\"section\" data-settings=\"{&quot;background_background&quot;:&quot;classic&quot;}\">\n\t\t\t\t\t\t<div class=\"elementor-container elementor-column-gap-default\">\n\t\t\t\t\t<div class=\"elementor-column elementor-col-100 elementor-top-column elementor-element elementor-element-5e08edb\" data-id=\"5e08edb\" data-element_type=\"column\" data-e-type=\"column\">\n\t\t\t<div class=\"elementor-widget-wrap elementor-element-populated\">\n\t\t\t\t\t\t\t<\/div>\n\t\t<\/div>\n\t\t\t\t\t<\/div>\n\t\t<\/section>\n\t\t\t\t<section class=\"elementor-section elementor-top-section elementor-element elementor-element-20df472 elementor-section-boxed elementor-section-height-default elementor-section-height-default\" data-id=\"20df472\" data-element_type=\"section\" data-e-type=\"section\" data-settings=\"{&quot;background_background&quot;:&quot;classic&quot;}\">\n\t\t\t\t\t\t\t<div class=\"elementor-background-overlay\"><\/div>\n\t\t\t\t\t\t\t<div class=\"elementor-container elementor-column-gap-default\">\n\t\t\t\t\t<div class=\"elementor-column elementor-col-50 elementor-top-column elementor-element elementor-element-0425e97\" data-id=\"0425e97\" data-element_type=\"column\" data-e-type=\"column\">\n\t\t\t<div class=\"elementor-widget-wrap elementor-element-populated\">\n\t\t\t\t\t\t<div class=\"elementor-element elementor-element-82edcd4 elementor-widget elementor-widget-hub_fancy_heading\" data-id=\"82edcd4\" data-element_type=\"widget\" data-e-type=\"widget\" data-widget_type=\"hub_fancy_heading.default\">\n\t\t\t\t<div class=\"elementor-widget-container\">\n\t\t\t\t\t\n\t\t<div id=\"ld-fancy-heading-69d40c0e9aea2\" class=\"ld-fancy-heading pos-rel\">\n\t\t\t<h2 class=\"ld-fh-element d-inline-block pos-rel  elementor-heading-title lqd-highlight-classic lqd-highlight-grow-left h2\"  > Ciudades<\/h2>\t\t<\/div>\n\n\t\t\t\t\t\t<\/div>\n\t\t\t\t<\/div>\n\t\t\t\t\t<\/div>\n\t\t<\/div>\n\t\t\t\t<div data-custom-animations=\"true\" data-ca-options=\"{&quot;addChildTimelines&quot;:false,&quot;animationTarget&quot;:&quot;:scope &gt; .elementor-widget-wrap &gt; .elementor-element &gt; .elementor-widget-container, :scope &gt; .elementor-widget-wrap &gt; .elementor-section &gt; .elementor-container &gt; .elementor-column &gt; .elementor-widget-wrap &gt; .elementor-element:not(.lqd-el-has-inner-anim) &gt; .elementor-widget-container, :scope &gt; .elementor-widget-wrap &gt; .elementor-widget-hub_fancy_heading .lqd-split-lines .lqd-lines .split-inner, :scope &gt; .elementor-widget-wrap &gt; .elementor-widget-hub_fancy_heading .lqd-split-words .lqd-words .split-inner, :scope &gt; .elementor-widget-wrap &gt; .elementor-widget-hub_fancy_heading .lqd-split-chars .lqd-chars .split-inner, :scope &gt; .elementor-widget-wrap &gt; .elementor-widget-ld_custom_menu .lqd-fancy-menu &gt; ul &gt; li&quot;,&quot;ease&quot;:[&quot;power4.out&quot;],&quot;initValues&quot;:{&quot;y&quot;:&quot;70px&quot;,&quot;rotationZ&quot;:4,&quot;opacity&quot;:0},&quot;animations&quot;:{&quot;y&quot;:&quot;0px&quot;,&quot;rotationZ&quot;:0,&quot;opacity&quot;:1}}\" class=\"elementor-column elementor-col-50 elementor-top-column elementor-element elementor-element-e265d8c\" data-id=\"e265d8c\" data-element_type=\"column\" data-e-type=\"column\">\n\t\t\t<div class=\"elementor-widget-wrap elementor-element-populated\">\n\t\t\t\t\t\t<div class=\"elementor-element elementor-element-b51dc37 elementor-widget elementor-widget-text-editor\" data-id=\"b51dc37\" data-element_type=\"widget\" data-e-type=\"widget\" data-widget_type=\"text-editor.default\">\n\t\t\t\t<div class=\"elementor-widget-container\">\n\t\t\t\t\t\t\t\t\t<b>Dise\u00f1ando las ciudades del futuro\n<\/b><br><br>Dise\u00f1ar las ciudades del futuro requiere abordar desaf\u00edos importantes como fomentar la cohesi\u00f3n social, proteger los ecosistemas y responder al cambio clim\u00e1tico. Las ciudades a menudo enfrentan estos problemas con recursos limitados, ciclos de gobernanza cortos e influencia pol\u00edtica restringida. En respuesta, han surgido las \u201csuperciudades\u201d, ciudades \u00fanicas impulsadas por el liderazgo, la creatividad y una visi\u00f3n compartida, que atraen a la gente y lanzan proyectos sociales impactantes. Metropoli colabora con ciudades de todo el mundo para ayudarlas a descubrir su identidad y sus fortalezas \u00fanicas. Al identificar sus cualidades principales, las ciudades pueden definir sus perfiles urbanos, activar redes de cooperaci\u00f3n y construir proyectos que reflejen su car\u00e1cter distintivo y sus aspiraciones.\n\t\t\t\t\t\t\t\t<\/div>\n\t\t\t\t<\/div>\n\t\t\t\t\t<\/div>\n\t\t<\/div>\n\t\t\t\t\t<\/div>\n\t\t<\/section>\n\t\t\t\t<section class=\"elementor-section elementor-top-section elementor-element elementor-element-eb5a73f elementor-section-boxed elementor-section-height-default elementor-section-height-default\" data-id=\"eb5a73f\" data-element_type=\"section\" data-e-type=\"section\" data-settings=\"{&quot;background_background&quot;:&quot;classic&quot;}\">\n\t\t\t\t\t\t\t<div class=\"elementor-background-overlay\"><\/div>\n\t\t\t\t\t\t\t<div class=\"elementor-container elementor-column-gap-default\">\n\t\t\t\t\t<div class=\"elementor-column elementor-col-100 elementor-top-column elementor-element elementor-element-65ce7fb\" data-id=\"65ce7fb\" data-element_type=\"column\" data-e-type=\"column\" data-settings=\"{&quot;background_background&quot;:&quot;classic&quot;}\">\n\t\t\t<div class=\"elementor-widget-wrap elementor-element-populated\">\n\t\t\t\t\t\t\t<\/div>\n\t\t<\/div>\n\t\t\t\t\t<\/div>\n\t\t<\/section>\n\t\t\t\t<section class=\"elementor-section elementor-top-section elementor-element elementor-element-8dc69f9 elementor-section-boxed elementor-section-height-default elementor-section-height-default\" data-id=\"8dc69f9\" data-element_type=\"section\" data-e-type=\"section\" data-settings=\"{&quot;background_background&quot;:&quot;classic&quot;}\">\n\t\t\t\t\t\t<div class=\"elementor-container elementor-column-gap-default\">\n\t\t\t\t\t<div class=\"elementor-column elementor-col-50 elementor-top-column elementor-element elementor-element-bde12b2\" data-id=\"bde12b2\" data-element_type=\"column\" data-e-type=\"column\">\n\t\t\t<div class=\"elementor-widget-wrap elementor-element-populated\">\n\t\t\t\t\t\t<div class=\"elementor-element elementor-element-c766cfe elementor-widget elementor-widget-hub_fancy_heading\" data-id=\"c766cfe\" data-element_type=\"widget\" data-e-type=\"widget\" data-widget_type=\"hub_fancy_heading.default\">\n\t\t\t\t<div class=\"elementor-widget-container\">\n\t\t\t\t\t\n\t\t<div id=\"ld-fancy-heading-69d40c0e9c445\" class=\"ld-fancy-heading pos-rel\">\n\t\t\t<h2 class=\"ld-fh-element d-inline-block pos-rel  elementor-heading-title lqd-highlight-classic lqd-highlight-grow-left h2\"  > Arquitectura<br> + <i>Dise\u00f1o<\/i><\/h2>\t\t<\/div>\n\n\t\t\t\t\t\t<\/div>\n\t\t\t\t<\/div>\n\t\t\t\t\t<\/div>\n\t\t<\/div>\n\t\t\t\t<div data-custom-animations=\"true\" data-ca-options=\"{&quot;addChildTimelines&quot;:false,&quot;animationTarget&quot;:&quot;:scope &gt; .elementor-widget-wrap &gt; .elementor-element &gt; .elementor-widget-container, :scope &gt; .elementor-widget-wrap &gt; .elementor-section &gt; .elementor-container &gt; .elementor-column &gt; .elementor-widget-wrap &gt; .elementor-element:not(.lqd-el-has-inner-anim) &gt; .elementor-widget-container, :scope &gt; .elementor-widget-wrap &gt; .elementor-widget-hub_fancy_heading .lqd-split-lines .lqd-lines .split-inner, :scope &gt; .elementor-widget-wrap &gt; .elementor-widget-hub_fancy_heading .lqd-split-words .lqd-words .split-inner, :scope &gt; .elementor-widget-wrap &gt; .elementor-widget-hub_fancy_heading .lqd-split-chars .lqd-chars .split-inner, :scope &gt; .elementor-widget-wrap &gt; .elementor-widget-ld_custom_menu .lqd-fancy-menu &gt; ul &gt; li&quot;,&quot;ease&quot;:[&quot;power4.out&quot;],&quot;initValues&quot;:{&quot;y&quot;:&quot;70px&quot;,&quot;rotationZ&quot;:4,&quot;opacity&quot;:0},&quot;animations&quot;:{&quot;y&quot;:&quot;0px&quot;,&quot;rotationZ&quot;:0,&quot;opacity&quot;:1}}\" class=\"elementor-column elementor-col-50 elementor-top-column elementor-element elementor-element-eb578b2\" data-id=\"eb578b2\" data-element_type=\"column\" data-e-type=\"column\">\n\t\t\t<div class=\"elementor-widget-wrap elementor-element-populated\">\n\t\t\t\t\t\t<div class=\"elementor-element elementor-element-1773858 elementor-widget elementor-widget-text-editor\" data-id=\"1773858\" data-element_type=\"widget\" data-e-type=\"widget\" data-widget_type=\"text-editor.default\">\n\t\t\t\t<div class=\"elementor-widget-container\">\n\t\t\t\t\t\t\t\t\t<b>Dise\u00f1ando arquitectura para el futuro\n<\/b><br><br>Los proyectos de Metropoli encarnan la filosof\u00eda \u201cTerritorios Inteligentes\u201d, colaborando con los sectores p\u00fablico y privado para dise\u00f1ar en los campos de la arquitectura, el desarrollo urbano, la planificaci\u00f3n regional y la tecnolog\u00eda. Entre sus proyectos arquitect\u00f3nicos destacan el edificio bioclim\u00e1tico \u201cEcobox\u201d en Madrid, el \u201cAulario\u201d de la Universidad de Alicante y obras experimentales como los \u201cCubos de Innovaci\u00f3n\u201d y los Edificios de Energ\u00eda Cero.\n La oficina CitiesLab de Metropoli en Londres encabeza iniciativas arquitect\u00f3nicas que se centran en crear un di\u00e1logo entre el contexto del sitio, la tecnolog\u00eda y la est\u00e9tica, promoviendo una arquitectura orientada al futuro basada en la respuesta ambiental y contextual.\n\t\t\t\t\t\t\t\t<\/div>\n\t\t\t\t<\/div>\n\t\t\t\t\t<\/div>\n\t\t<\/div>\n\t\t\t\t\t<\/div>\n\t\t<\/section>\n\t\t\t\t<section class=\"elementor-section elementor-top-section elementor-element elementor-element-45a4c8f elementor-section-full_width elementor-section-height-default elementor-section-height-default\" data-id=\"45a4c8f\" data-element_type=\"section\" data-e-type=\"section\" data-settings=\"{&quot;background_background&quot;:&quot;classic&quot;}\">\n\t\t\t\t\t\t<div class=\"elementor-container elementor-column-gap-default\">\n\t\t\t\t\t<div class=\"elementor-column elementor-col-100 elementor-top-column elementor-element elementor-element-af8c2e5\" data-id=\"af8c2e5\" data-element_type=\"column\" data-e-type=\"column\">\n\t\t\t<div class=\"elementor-widget-wrap elementor-element-populated\">\n\t\t\t\t\t\t\t<\/div>\n\t\t<\/div>\n\t\t\t\t\t<\/div>\n\t\t<\/section>\n\t\t\t\t<\/div>\n\t\t","protected":false},"excerpt":{"rendered":"<p>Proyectos Diamantes Territoriales Dise\u00f1ando los territorios del futuro La escala regional se ha vuelto vital para mantener la competitividad en una econom\u00eda globalizada e impulsada por la innovaci\u00f3n. Hoy en d\u00eda, la competencia no se produce entre naciones sino entre ciudades y regiones, que pueden apoyar mejor a las empresas y mejorar la calidad de [&hellip;]<\/p>\n","protected":false},"author":1,"featured_media":0,"parent":0,"menu_order":0,"comment_status":"closed","ping_status":"closed","template":"","meta":{"_acf_changed":false,"footnotes":""},"class_list":["post-12015","page","type-page","status-publish","hentry"],"acf":[],"yoast_head":"<!-- This site is optimized with the Yoast SEO plugin v27.0 - https:\/\/yoast.com\/product\/yoast-seo-wordpress\/ -->\n<title>Cities Lab - Metropoli Foundation<\/title>\n<meta name=\"robots\" content=\"index, follow, max-snippet:-1, max-image-preview:large, max-video-preview:-1\" \/>\n<link rel=\"canonical\" href=\"https:\/\/fmetropoli.org\/es\/laboratorio-de-ciudades\/\" \/>\n<meta property=\"og:locale\" content=\"es_ES\" \/>\n<meta property=\"og:type\" content=\"article\" \/>\n<meta property=\"og:title\" content=\"Cities Lab - Metropoli Foundation\" \/>\n<meta property=\"og:description\" content=\"Proyectos Diamantes Territoriales Dise\u00f1ando los territorios del futuro La escala regional se ha vuelto vital para mantener la competitividad en una econom\u00eda globalizada e impulsada por la innovaci\u00f3n. Hoy en d\u00eda, la competencia no se produce entre naciones sino entre ciudades y regiones, que pueden apoyar mejor a las empresas y mejorar la calidad de [&hellip;]\" \/>\n<meta property=\"og:url\" content=\"https:\/\/fmetropoli.org\/es\/laboratorio-de-ciudades\/\" \/>\n<meta property=\"og:site_name\" content=\"Metropoli Foundation\" \/>\n<meta property=\"article:modified_time\" content=\"2025-02-14T08:50:29+00:00\" \/>\n<meta name=\"twitter:card\" content=\"summary_large_image\" \/>\n<meta name=\"twitter:label1\" content=\"Tiempo de lectura\" \/>\n\t<meta name=\"twitter:data1\" content=\"2 minutos\" \/>\n<script type=\"application\/ld+json\" class=\"yoast-schema-graph\">{\"@context\":\"https:\/\/schema.org\",\"@graph\":[{\"@type\":\"WebPage\",\"@id\":\"https:\/\/fmetropoli.org\/es\/laboratorio-de-ciudades\/\",\"url\":\"https:\/\/fmetropoli.org\/es\/laboratorio-de-ciudades\/\",\"name\":\"Cities Lab - Metropoli Foundation\",\"isPartOf\":{\"@id\":\"https:\/\/fmetropoli.org\/#website\"},\"datePublished\":\"2024-11-13T18:56:31+00:00\",\"dateModified\":\"2025-02-14T08:50:29+00:00\",\"breadcrumb\":{\"@id\":\"https:\/\/fmetropoli.org\/es\/laboratorio-de-ciudades\/#breadcrumb\"},\"inLanguage\":\"es\",\"potentialAction\":[{\"@type\":\"ReadAction\",\"target\":[\"https:\/\/fmetropoli.org\/es\/laboratorio-de-ciudades\/\"]}]},{\"@type\":\"BreadcrumbList\",\"@id\":\"https:\/\/fmetropoli.org\/es\/laboratorio-de-ciudades\/#breadcrumb\",\"itemListElement\":[{\"@type\":\"ListItem\",\"position\":1,\"name\":\"Home\",\"item\":\"https:\/\/fmetropoli.org\/\"},{\"@type\":\"ListItem\",\"position\":2,\"name\":\"Cities Lab\"}]},{\"@type\":\"WebSite\",\"@id\":\"https:\/\/fmetropoli.org\/#website\",\"url\":\"https:\/\/fmetropoli.org\/\",\"name\":\"Metropoli Foundation\",\"description\":\"\",\"potentialAction\":[{\"@type\":\"SearchAction\",\"target\":{\"@type\":\"EntryPoint\",\"urlTemplate\":\"https:\/\/fmetropoli.org\/?s={search_term_string}\"},\"query-input\":{\"@type\":\"PropertyValueSpecification\",\"valueRequired\":true,\"valueName\":\"search_term_string\"}}],\"inLanguage\":\"es\"}]}<\/script>\n<!-- \/ Yoast SEO plugin. -->","yoast_head_json":{"title":"Cities Lab - Metropoli Foundation","robots":{"index":"index","follow":"follow","max-snippet":"max-snippet:-1","max-image-preview":"max-image-preview:large","max-video-preview":"max-video-preview:-1"},"canonical":"https:\/\/fmetropoli.org\/es\/laboratorio-de-ciudades\/","og_locale":"es_ES","og_type":"article","og_title":"Cities Lab - Metropoli Foundation","og_description":"Proyectos Diamantes Territoriales Dise\u00f1ando los territorios del futuro La escala regional se ha vuelto vital para mantener la competitividad en una econom\u00eda globalizada e impulsada por la innovaci\u00f3n. Hoy en d\u00eda, la competencia no se produce entre naciones sino entre ciudades y regiones, que pueden apoyar mejor a las empresas y mejorar la calidad de [&hellip;]","og_url":"https:\/\/fmetropoli.org\/es\/laboratorio-de-ciudades\/","og_site_name":"Metropoli Foundation","article_modified_time":"2025-02-14T08:50:29+00:00","twitter_card":"summary_large_image","twitter_misc":{"Tiempo de lectura":"2 minutos"},"schema":{"@context":"https:\/\/schema.org","@graph":[{"@type":"WebPage","@id":"https:\/\/fmetropoli.org\/es\/laboratorio-de-ciudades\/","url":"https:\/\/fmetropoli.org\/es\/laboratorio-de-ciudades\/","name":"Cities Lab - Metropoli Foundation","isPartOf":{"@id":"https:\/\/fmetropoli.org\/#website"},"datePublished":"2024-11-13T18:56:31+00:00","dateModified":"2025-02-14T08:50:29+00:00","breadcrumb":{"@id":"https:\/\/fmetropoli.org\/es\/laboratorio-de-ciudades\/#breadcrumb"},"inLanguage":"es","potentialAction":[{"@type":"ReadAction","target":["https:\/\/fmetropoli.org\/es\/laboratorio-de-ciudades\/"]}]},{"@type":"BreadcrumbList","@id":"https:\/\/fmetropoli.org\/es\/laboratorio-de-ciudades\/#breadcrumb","itemListElement":[{"@type":"ListItem","position":1,"name":"Home","item":"https:\/\/fmetropoli.org\/"},{"@type":"ListItem","position":2,"name":"Cities Lab"}]},{"@type":"WebSite","@id":"https:\/\/fmetropoli.org\/#website","url":"https:\/\/fmetropoli.org\/","name":"Metropoli Foundation","description":"","potentialAction":[{"@type":"SearchAction","target":{"@type":"EntryPoint","urlTemplate":"https:\/\/fmetropoli.org\/?s={search_term_string}"},"query-input":{"@type":"PropertyValueSpecification","valueRequired":true,"valueName":"search_term_string"}}],"inLanguage":"es"}]}},"_links":{"self":[{"href":"https:\/\/fmetropoli.org\/es\/wp-json\/wp\/v2\/pages\/12015","targetHints":{"allow":["GET"]}}],"collection":[{"href":"https:\/\/fmetropoli.org\/es\/wp-json\/wp\/v2\/pages"}],"about":[{"href":"https:\/\/fmetropoli.org\/es\/wp-json\/wp\/v2\/types\/page"}],"author":[{"embeddable":true,"href":"https:\/\/fmetropoli.org\/es\/wp-json\/wp\/v2\/users\/1"}],"replies":[{"embeddable":true,"href":"https:\/\/fmetropoli.org\/es\/wp-json\/wp\/v2\/comments?post=12015"}],"version-history":[{"count":0,"href":"https:\/\/fmetropoli.org\/es\/wp-json\/wp\/v2\/pages\/12015\/revisions"}],"wp:attachment":[{"href":"https:\/\/fmetropoli.org\/es\/wp-json\/wp\/v2\/media?parent=12015"}],"curies":[{"name":"wp","href":"https:\/\/api.w.org\/{rel}","templated":true}]}}